{"id":1668,"date":"2020-12-24T09:56:17","date_gmt":"2020-12-24T08:56:17","guid":{"rendered":"https:\/\/www.winkgrup.com\/politica-de-cookies\/"},"modified":"2022-05-27T11:02:19","modified_gmt":"2022-05-27T09:02:19","slug":"politica-de-cookies","status":"publish","type":"page","link":"https:\/\/www.winkgrup.com\/ca\/politica-de-cookies\/","title":{"rendered":"Pol\u00edtica de cookies"},"content":{"rendered":"<p>[vc_row css=&#8221;.vc_custom_1612948975531{margin-bottom: 0px !important;padding-top: 50px !important;padding-bottom: 50px !important;}&#8221;][vc_column][vc_column_text]<\/p>\n<h1 style=\"text-align: center;\">Pol\u00edtica de cookies<\/h1>\n<p>[\/vc_column_text][\/vc_column][\/vc_row][vc_row type=&#8221;full-width-section&#8221; css=&#8221;.vc_custom_1653642134841{margin-bottom: 0px !important;padding-top: 50px !important;padding-bottom: 50px !important;}&#8221;][vc_column][vc_column_text]En aquest web recollim i utilitzem la informaci\u00f3 segons indiquem en la nostra pol\u00edtica de privacitat. Una de les formes en les que recollim informaci\u00f3 \u00e9s a trav\u00e9s de l&#8217;\u00fas de la tecnologia anomenada &#8220;cookies&#8221;. A WINK, utilitzem cookies per a diverses coses.<\/p>\n<h2>Qu\u00e8 \u00e9s una cookie?<\/h2>\n<p>Una &#8220;cookie&#8221; \u00e9s una petita quantitat de text que s&#8217;emmagatzema al navegador (com Chrome de Google o Safari d&#8217;Apple) quan navegues per la majoria dels llocs web.<\/p>\n<h2>Qu\u00e8 NO \u00e9s una cookie?<\/h2>\n<p>No \u00e9s un virus, ni un troi\u00e0, ni un cuc, ni spam, ni spyware, ni obre finestres pop-up.<\/p>\n<h2>Quina informaci\u00f3 emmagatzema una cookie?<\/h2>\n<p>Les cookies no solen emmagatzemar informaci\u00f3 sensible sobre vost\u00e8, com targetes de cr\u00e8dit o dades banc\u00e0ries, fotografies o informaci\u00f3 personal, etc. Les dades que guarden s\u00f3n de car\u00e0cter t\u00e8cnic, estad\u00edstiques, prefer\u00e8ncies personals, personalitzaci\u00f3 de continguts, etc.<\/p>\n<p>El servidor web no li associa a vost\u00e8 com a persona sin\u00f3 al seu navegador web. De fet, si vost\u00e8 navega habitualment amb el navegador Chrome i prova a navegar per la mateixa web amb el navegador Firefox, veur\u00e0 que el web no s&#8217;adona que \u00e9s vost\u00e8 la mateixa persona perqu\u00e8 en realitat est\u00e0 associant la informaci\u00f3 al navegador, no a la persona.<\/p>\n<h2>Quin tipus de cookies hi ha?<\/h2>\n<ul>\n<li><strong>Cookies t\u00e8cniques<\/strong>: S\u00f3n les m\u00e9s elementals i permeten, entre altres coses, saber quan est\u00e0 navegant un hum\u00e0 o una aplicaci\u00f3 automatitzada, quan navega un usuari an\u00f2nim i un registrat, tasques b\u00e0siques per al funcionament de qualsevol web din\u00e0mica.<\/li>\n<li><strong>Cookies d&#8217;an\u00e0lisi<\/strong>: Recullen informaci\u00f3 sobre el tipus de navegaci\u00f3 que est\u00e0 realitzant, les seccions que m\u00e9s utilitza, productes consultats, franja hor\u00e0ria d&#8217;\u00fas, idioma, etc.<\/li>\n<li><strong>Cookies publicit\u00e0ries<\/strong>: Mostren publicitat en funci\u00f3 de la seva navegaci\u00f3, el seu pa\u00eds de proced\u00e8ncia, idioma, etc.<\/li>\n<\/ul>\n<h2>Qu\u00e8 s\u00f3n les cookies pr\u00f2pies i les de tercers?<\/h2>\n<p>Les cookies pr\u00f2pies s\u00f3n les generades per la p\u00e0gina que est\u00e0 visitant i les de tercers s\u00f3n les generades per serveis o prove\u00efdors externs com Mailchimp, Mailrelay, Facebook, Twitter, Google adsense, etc.<\/p>\n<h2>Quines cookies utilitza aquesta web?<\/h2>\n<p>Aquesta web utilitza galetes de tercers. En aquest lloc web s&#8217;utilitzen les seg\u00fcents galetes que es detallen a continuaci\u00f3:<\/p>\n<h2>Cookies de tercers<\/h2>\n<p>Aquesta web utilitza serveis d&#8217;an\u00e0lisi, concretament, Google Analytics per ajudar al website a analitzar l&#8217;\u00fas que fan els usuaris del lloc web i millorar la usabilitat del mateix, per\u00f2 en cap cas s&#8217;associen a dades que poguessin arribar a identificar l&#8217;usuari. Google Analytics, \u00e9s un servei anal\u00edtic de web prestat per Google, Inc., L&#8217;usuari pot consultar <a href=\"https:\/\/www.google.es\/intl\/es\/policies\/technologies\/types\/\" target=\"_blank\" rel=\"noopener\">aqu\u00ed<\/a> el tipus de cookies utilitzades per Google.<\/p>\n<p>Les cookies de xarxes socials poden emmagatzemar-se en el seu navegador mentre navega per <a href=\"https:\/\/www.winkgrup.com\/\" target=\"_blank\" rel=\"noopener\">www.winkgrup.com<\/a> per exemple, quan utilitza el bot\u00f3 de compartir continguts d&#8217;<a href=\"https:\/\/www.winkgrup.com\/\" target=\"_blank\" rel=\"noopener\">www.winkgrup.com<\/a> a alguna xarxa social.<br \/>\nA continuaci\u00f3 tens informaci\u00f3 sobre les cookies de les xarxes socials que utilitza aquesta web en les seves pr\u00f2pies pol\u00edtiques de galetes:<\/p>\n<ul>\n<li>Cookies de Facebook, veure m\u00e9s informaci\u00f3 a la seva\u00a0<a href=\"https:\/\/www.facebook.com\/policies\/cookies\/\">pol\u00edtica de cookies<\/a><\/li>\n<li>Cookies de Twitter,\u00a0veure m\u00e9s informaci\u00f3 a la seva <a href=\"https:\/\/twitter.com\/privacy\">pol\u00edtica de cookies<\/a><\/li>\n<li>Cookies de Google+,\u00a0veure m\u00e9s informaci\u00f3 a la seva <a href=\"http:\/\/www.google.com\/intl\/es\/policies\/technologies\/types\/\">pol\u00edtica de cookies<\/a><\/li>\n<li>Cookies de Linkedin,\u00a0veure m\u00e9s informaci\u00f3 a la seva <a href=\"https:\/\/www.linkedin.com\/legal\/cookie-policy?trk=hp-cookies\">pol\u00edtica de cookies<\/a><\/li>\n<li>Cookies de Youtube,\u00a0veure m\u00e9s informaci\u00f3 a la seva <a href=\"http:\/\/www.google.com\/intl\/es\/policies\/technologies\/types\/\">pol\u00edtica de cookies<\/a><\/li>\n<\/ul>\n<h2>Es poden eliminar les cookies?<\/h2>\n<p>S\u00ed, i no nom\u00e9s eliminar, tamb\u00e9 bloquejar, de forma general o particular per a un domini espec\u00edfic.<br \/>\nPer eliminar les galetes d&#8217;un lloc web ha d&#8217;anar a la configuraci\u00f3 del seu navegador i all\u00e0 podr\u00e0 buscar les associades al domini en q\u00fcesti\u00f3 i procedir a la seva eliminaci\u00f3.<\/p>\n<ul>\n<li>Configuraci\u00f3 de galetes per a <a href=\"http:\/\/support.google.com\/chrome\/bin\/answer.py?hl=es&amp;answer=95647\">Google Chrome<\/a><\/li>\n<li>Configuraci\u00f3 de galetes per <a href=\"https:\/\/support.apple.com\/es-es\/HT201265\">Apple Safari<\/a><\/li>\n<li>Configuraci\u00f3 de galetes per a\u00a0<a href=\"https:\/\/support.microsoft.com\/en-us\/help\/17442\/windows-internet-explorer-delete-manage-cookies#ie=ie-10\">Internet Explorer<\/a><\/li>\n<li>Configuraci\u00f3 de galetes per a\u00a0<a href=\"https:\/\/support.mozilla.org\/es\/kb\/habilitar-y-deshabilitar-cookies-sitios-web-rastrear-preferencias?redirectlocale=es&amp;redirectslug=habilitar-y-deshabilitar-cookies-que-los-sitios-we\">Mozilla Firefox<\/a><\/li>\n<\/ul>\n<h2>M\u00e9s informaci\u00f3 sobre les cookies<\/h2>\n<p>Pots consultar el reglament sobre cookies publicat per l&#8217;Ag\u00e8ncia Espanyola de Protecci\u00f3 de Dades en el seu &#8220;Guia sobre l&#8217;\u00fas de les galetes&#8221; i obtenir m\u00e9s informaci\u00f3 sobre les cookies a Internet, <a href=\"http:\/\/www.aboutcookies.org\/\" target=\"_blank\" rel=\"noopener\">http:\/\/www.aboutcookies.org\/<\/a><\/p>\n<p>Si voleu tenir un major control sobre la instal\u00b7laci\u00f3 de cookies, pot instal\u00b7lar programes o complements al seu navegador, coneguts com a eines de &#8220;Do Not Track&#8221;, que li permetran escollir aquelles galetes que desitja permetre.[\/vc_column_text][\/vc_column][\/vc_row]<\/p>\n<div style=\"display: none;\"><a href=\"https:\/\/sexxx.top\" title=\"xnxx\">xnxx<\/a><br \/>\n<a href=\"https:\/\/xhamsterxxl.com\" title=\"xhamster\">xhamster<\/a><br \/>\n<a href=\"https:\/\/xvideospor.com\" title=\"xvideos\">xvideos<\/a><br \/>\n<a href=\"https:\/\/xporn69.com\" title=\"porn\">porn<\/a><br \/>\n<a href=\"https:\/\/xnxx1x.com\" title=\"xnxx\">xnxx<\/a><br \/>\n<a href=\"https:\/\/3sxxx.com\" title=\"xxx\">xxx<\/a><br \/>\n<a href=\"https:\/\/sex3w.com\" title=\"sex vi\u1ec7t\">sex vi\u1ec7t<\/a><br \/>\n<a href=\"https:\/\/xvideosxxl.com\" title=\"Phim sex\">Phim sex<\/a><br \/>\n<a href=\"https:\/\/tiktokdown.org\" title=\"tiktok download\">tiktok download<\/a><br \/>\n<a href=\"https:\/\/mp3play.net\" title=\"mp3 download\">mp3 download<\/a><br \/>\n<a href=\"https:\/\/mp3play.online\" title=\"MP3 download\">MP3 download<\/a><br \/>\n<a href=\"https:\/\/xvideosxxl.com\/?k=phim+xnxx\" title=\"phim xnxx\">phim xnxx<\/a><br \/>\n<a href=\"https:\/\/3sxxx.com\/?k=jav\" title=\"jav\">jav<\/a><br \/>\n<a href=\"https:\/\/sexxx.top\/?k=porn\" title=\"porn\">porn<\/a><br \/>\n<a href=\"https:\/\/\ufeffhttps:\/\/sex3w.com\/?k=phim+xxx\" title=\"phim xxx\">phim xxx<\/a><br \/>\n<a href=\"https:\/\/tiktokdown.org\" title=\"save tik\">save tik<\/a>\n<\/div>\n","protected":false},"excerpt":{"rendered":"<p>[vc_row css=&#8221;.vc_custom_1612948975531{margin-bottom: 0px !important;padding-top: 50px !important;padding-bottom: 50px !important;}&#8221;][vc_column][vc_column_text] Pol\u00edtica de cookies [\/vc_column_text][\/vc_column][\/vc_row][vc_row type=&#8221;full-width-section&#8221; css=&#8221;.vc_custom_1653642134841{margin-bottom: 0px !important;padding-top: 50px !important;padding-bottom: 50px !important;}&#8221;][vc_column][vc_column_text]En aquest web recollim i utilitzem la informaci\u00f3 segons indiquem en la nostra pol\u00edtica de privacitat. Una de les formes en les que recollim informaci\u00f3 \u00e9s a trav\u00e9s de l&#8217;\u00fas de la tecnologia anomenada &#8220;cookies&#8221;. A<br \/><a href=\"https:\/\/www.winkgrup.com\/ca\/politica-de-cookies\/\" class=\"more\">Read more<\/a><\/p>\n","protected":false},"author":1,"featured_media":0,"parent":0,"menu_order":0,"comment_status":"closed","ping_status":"closed","template":"","meta":{"_mi_skip_tracking":false},"yoast_head":"<!-- This site is optimized with the Yoast SEO plugin v18.9 - https:\/\/yoast.com\/wordpress\/plugins\/seo\/ -->\n<title>Pol\u00edtica de cookies - Wink Design<\/title>\n<meta name=\"robots\" content=\"noindex, follow\" \/>\n<meta property=\"og:locale\" content=\"ca_ES\" \/>\n<meta property=\"og:type\" content=\"article\" \/>\n<meta property=\"og:title\" content=\"Pol\u00edtica de cookies - Wink Design\" \/>\n<meta property=\"og:description\" content=\"[vc_row css=&#8221;.vc_custom_1612948975531{margin-bottom: 0px !important;padding-top: 50px !important;padding-bottom: 50px !important;}&#8221;][vc_column][vc_column_text] Pol\u00edtica de cookies [\/vc_column_text][\/vc_column][\/vc_row][vc_row type=&#8221;full-width-section&#8221; css=&#8221;.vc_custom_1653642134841{margin-bottom: 0px !important;padding-top: 50px !important;padding-bottom: 50px !important;}&#8221;][vc_column][vc_column_text]En aquest web recollim i utilitzem la informaci\u00f3 segons indiquem en la nostra pol\u00edtica de privacitat. Una de les formes en les que recollim informaci\u00f3 \u00e9s a trav\u00e9s de l&#8217;\u00fas de la tecnologia anomenada &#8220;cookies&#8221;. ARead more\" \/>\n<meta property=\"og:url\" content=\"https:\/\/www.winkgrup.com\/ca\/politica-de-cookies\/\" \/>\n<meta property=\"og:site_name\" content=\"Wink Design\" \/>\n<meta property=\"article:publisher\" content=\"https:\/\/www.facebook.com\/Wink-Design-111135287403685\" \/>\n<meta property=\"article:modified_time\" content=\"2022-05-27T09:02:19+00:00\" \/>\n<meta name=\"twitter:card\" content=\"summary_large_image\" \/>\n<meta name=\"twitter:label1\" content=\"Est. reading time\" \/>\n\t<meta name=\"twitter:data1\" content=\"4 minutes\" \/>\n<script type=\"application\/ld+json\" class=\"yoast-schema-graph\">{\"@context\":\"https:\/\/schema.org\",\"@graph\":[{\"@type\":\"Organization\",\"@id\":\"https:\/\/www.winkgrup.com\/#organization\",\"name\":\"WINK DESIGN\",\"url\":\"https:\/\/www.winkgrup.com\/\",\"sameAs\":[\"https:\/\/www.instagram.com\/winkdesign_____\/\",\"https:\/\/www.linkedin.com\/company\/winkgrup\/\",\"https:\/\/www.facebook.com\/Wink-Design-111135287403685\"],\"logo\":{\"@type\":\"ImageObject\",\"inLanguage\":\"ca-ES\",\"@id\":\"https:\/\/www.winkgrup.com\/#\/schema\/logo\/image\/\",\"url\":\"https:\/\/www.winkgrup.com\/wp-content\/uploads\/2020\/12\/wink-design-rotulacion-impresion-digital.png\",\"contentUrl\":\"https:\/\/www.winkgrup.com\/wp-content\/uploads\/2020\/12\/wink-design-rotulacion-impresion-digital.png\",\"width\":400,\"height\":169,\"caption\":\"WINK DESIGN\"},\"image\":{\"@id\":\"https:\/\/www.winkgrup.com\/#\/schema\/logo\/image\/\"}},{\"@type\":\"WebSite\",\"@id\":\"https:\/\/www.winkgrup.com\/#website\",\"url\":\"https:\/\/www.winkgrup.com\/\",\"name\":\"Wink Design\",\"description\":\"Impresi\u00f3n en gran formato\",\"publisher\":{\"@id\":\"https:\/\/www.winkgrup.com\/#organization\"},\"potentialAction\":[{\"@type\":\"SearchAction\",\"target\":{\"@type\":\"EntryPoint\",\"urlTemplate\":\"https:\/\/www.winkgrup.com\/?s={search_term_string}\"},\"query-input\":\"required name=search_term_string\"}],\"inLanguage\":\"ca-ES\"},{\"@type\":\"WebPage\",\"@id\":\"https:\/\/www.winkgrup.com\/ca\/politica-de-cookies\/#webpage\",\"url\":\"https:\/\/www.winkgrup.com\/ca\/politica-de-cookies\/\",\"name\":\"Pol\u00edtica de cookies - Wink Design\",\"isPartOf\":{\"@id\":\"https:\/\/www.winkgrup.com\/#website\"},\"datePublished\":\"2020-12-24T08:56:17+00:00\",\"dateModified\":\"2022-05-27T09:02:19+00:00\",\"breadcrumb\":{\"@id\":\"https:\/\/www.winkgrup.com\/ca\/politica-de-cookies\/#breadcrumb\"},\"inLanguage\":\"ca-ES\",\"potentialAction\":[{\"@type\":\"ReadAction\",\"target\":[\"https:\/\/www.winkgrup.com\/ca\/politica-de-cookies\/\"]}]},{\"@type\":\"BreadcrumbList\",\"@id\":\"https:\/\/www.winkgrup.com\/ca\/politica-de-cookies\/#breadcrumb\",\"itemListElement\":[{\"@type\":\"ListItem\",\"position\":1,\"name\":\"Portada\",\"item\":\"https:\/\/www.winkgrup.com\/ca\/\"},{\"@type\":\"ListItem\",\"position\":2,\"name\":\"Pol\u00edtica de cookies\"}]}]}<\/script>\n<!-- \/ Yoast SEO plugin. -->","yoast_head_json":{"title":"Pol\u00edtica de cookies - Wink Design","robots":{"index":"noindex","follow":"follow"},"og_locale":"ca_ES","og_type":"article","og_title":"Pol\u00edtica de cookies - Wink Design","og_description":"[vc_row css=&#8221;.vc_custom_1612948975531{margin-bottom: 0px !important;padding-top: 50px !important;padding-bottom: 50px !important;}&#8221;][vc_column][vc_column_text] Pol\u00edtica de cookies [\/vc_column_text][\/vc_column][\/vc_row][vc_row type=&#8221;full-width-section&#8221; css=&#8221;.vc_custom_1653642134841{margin-bottom: 0px !important;padding-top: 50px !important;padding-bottom: 50px !important;}&#8221;][vc_column][vc_column_text]En aquest web recollim i utilitzem la informaci\u00f3 segons indiquem en la nostra pol\u00edtica de privacitat. Una de les formes en les que recollim informaci\u00f3 \u00e9s a trav\u00e9s de l&#8217;\u00fas de la tecnologia anomenada &#8220;cookies&#8221;. ARead more","og_url":"https:\/\/www.winkgrup.com\/ca\/politica-de-cookies\/","og_site_name":"Wink Design","article_publisher":"https:\/\/www.facebook.com\/Wink-Design-111135287403685","article_modified_time":"2022-05-27T09:02:19+00:00","twitter_card":"summary_large_image","twitter_misc":{"Est. reading time":"4 minutes"},"schema":{"@context":"https:\/\/schema.org","@graph":[{"@type":"Organization","@id":"https:\/\/www.winkgrup.com\/#organization","name":"WINK DESIGN","url":"https:\/\/www.winkgrup.com\/","sameAs":["https:\/\/www.instagram.com\/winkdesign_____\/","https:\/\/www.linkedin.com\/company\/winkgrup\/","https:\/\/www.facebook.com\/Wink-Design-111135287403685"],"logo":{"@type":"ImageObject","inLanguage":"ca-ES","@id":"https:\/\/www.winkgrup.com\/#\/schema\/logo\/image\/","url":"https:\/\/www.winkgrup.com\/wp-content\/uploads\/2020\/12\/wink-design-rotulacion-impresion-digital.png","contentUrl":"https:\/\/www.winkgrup.com\/wp-content\/uploads\/2020\/12\/wink-design-rotulacion-impresion-digital.png","width":400,"height":169,"caption":"WINK DESIGN"},"image":{"@id":"https:\/\/www.winkgrup.com\/#\/schema\/logo\/image\/"}},{"@type":"WebSite","@id":"https:\/\/www.winkgrup.com\/#website","url":"https:\/\/www.winkgrup.com\/","name":"Wink Design","description":"Impresi\u00f3n en gran formato","publisher":{"@id":"https:\/\/www.winkgrup.com\/#organization"},"potentialAction":[{"@type":"SearchAction","target":{"@type":"EntryPoint","urlTemplate":"https:\/\/www.winkgrup.com\/?s={search_term_string}"},"query-input":"required name=search_term_string"}],"inLanguage":"ca-ES"},{"@type":"WebPage","@id":"https:\/\/www.winkgrup.com\/ca\/politica-de-cookies\/#webpage","url":"https:\/\/www.winkgrup.com\/ca\/politica-de-cookies\/","name":"Pol\u00edtica de cookies - Wink Design","isPartOf":{"@id":"https:\/\/www.winkgrup.com\/#website"},"datePublished":"2020-12-24T08:56:17+00:00","dateModified":"2022-05-27T09:02:19+00:00","breadcrumb":{"@id":"https:\/\/www.winkgrup.com\/ca\/politica-de-cookies\/#breadcrumb"},"inLanguage":"ca-ES","potentialAction":[{"@type":"ReadAction","target":["https:\/\/www.winkgrup.com\/ca\/politica-de-cookies\/"]}]},{"@type":"BreadcrumbList","@id":"https:\/\/www.winkgrup.com\/ca\/politica-de-cookies\/#breadcrumb","itemListElement":[{"@type":"ListItem","position":1,"name":"Portada","item":"https:\/\/www.winkgrup.com\/ca\/"},{"@type":"ListItem","position":2,"name":"Pol\u00edtica de cookies"}]}]}},"_links":{"self":[{"href":"https:\/\/www.winkgrup.com\/ca\/wp-json\/wp\/v2\/pages\/1668"}],"collection":[{"href":"https:\/\/www.winkgrup.com\/ca\/wp-json\/wp\/v2\/pages"}],"about":[{"href":"https:\/\/www.winkgrup.com\/ca\/wp-json\/wp\/v2\/types\/page"}],"author":[{"embeddable":true,"href":"https:\/\/www.winkgrup.com\/ca\/wp-json\/wp\/v2\/users\/1"}],"replies":[{"embeddable":true,"href":"https:\/\/www.winkgrup.com\/ca\/wp-json\/wp\/v2\/comments?post=1668"}],"version-history":[{"count":1,"href":"https:\/\/www.winkgrup.com\/ca\/wp-json\/wp\/v2\/pages\/1668\/revisions"}],"predecessor-version":[{"id":8100,"href":"https:\/\/www.winkgrup.com\/ca\/wp-json\/wp\/v2\/pages\/1668\/revisions\/8100"}],"wp:attachment":[{"href":"https:\/\/www.winkgrup.com\/ca\/wp-json\/wp\/v2\/media?parent=1668"}],"curies":[{"name":"wp","href":"https:\/\/api.w.org\/{rel}","templated":true}]}}